{"id":22421,"date":"2021-12-16T12:27:24","date_gmt":"2021-12-16T10:27:24","guid":{"rendered":"https:\/\/annelitammik.com\/pood\/earrings-orbis-l-silver\/"},"modified":"2021-12-16T12:27:24","modified_gmt":"2021-12-16T10:27:24","slug":"earrings-orbis-l-silver","status":"publish","type":"product","link":"https:\/\/annelitammik.com\/en\/shop\/earrings-orbis-l-silver\/","title":{"rendered":"earrings &#8220;Orbis&#8221; L, silver"},"content":{"rendered":"","protected":false},"excerpt":{"rendered":"<p>Earrings &#8220;Orbis&#8221; size L, 5cm<\/p>\n<p>Light silver earrings, laser cut. Silver 925`<\/p>\n<p>Jewellery is packed in to a lovely gift package.<\/p>\n","protected":false},"featured_media":21941,"template":"","meta":[],"product_brand":[],"product_cat":[243,242],"product_tag":[118,279,119,278],"class_list":{"0":"post-22421","1":"product","2":"type-product","3":"status-publish","4":"has-post-thumbnail","6":"product_cat-earrings-orbis-en","7":"product_cat-spiraal-en","8":"product_tag-korvarongad-en","9":"product_tag-orbis-en","10":"product_tag-silver-en","11":"product_tag-spiral","13":"first","14":"instock","15":"taxable","16":"shipping-taxable","17":"purchasable","18":"product-type-simple"},"yoast_head":"<!-- This site is optimized with the Yoast SEO plugin v27.3 - https:\/\/yoast.com\/product\/yoast-seo-wordpress\/ -->\n<title>earrings &quot;Orbis&quot; L, silver - Anneli Tammik Jewellery<\/title>\n<meta name=\"description\" content=\"cool, stylish, exclusive earrings in different colors\" \/>\n<meta name=\"robots\" content=\"index, follow, max-snippet:-1, max-image-preview:large, max-video-preview:-1\" \/>\n<link rel=\"canonical\" href=\"https:\/\/annelitammik.com\/en\/shop\/earrings-orbis-l-silver\/\" \/>\n<meta property=\"og:locale\" content=\"en_US\" \/>\n<meta property=\"og:type\" content=\"article\" \/>\n<meta property=\"og:title\" content=\"earrings &quot;Orbis&quot; L, silver - Anneli Tammik Jewellery\" \/>\n<meta property=\"og:description\" content=\"cool, stylish, exclusive earrings in different colors\" \/>\n<meta property=\"og:url\" content=\"https:\/\/annelitammik.com\/en\/shop\/earrings-orbis-l-silver\/\" \/>\n<meta property=\"og:site_name\" content=\"Anneli Tammik Jewellery\" \/>\n<meta property=\"og:image\" content=\"https:\/\/i0.wp.com\/annelitammik.com\/wp-content\/uploads\/2021\/12\/37413514-DC3C-4907-B22D-81B26A2D101D.jpg?fit=1920%2C1920&ssl=1\" \/>\n\t<meta property=\"og:image:width\" content=\"1920\" \/>\n\t<meta property=\"og:image:height\" content=\"1920\" \/>\n\t<meta property=\"og:image:type\" content=\"image\/jpeg\" \/>\n<meta name=\"twitter:card\" content=\"summary_large_image\" \/>\n<script type=\"application\/ld+json\" class=\"yoast-schema-graph\">{\"@context\":\"https:\\\/\\\/schema.org\",\"@graph\":[{\"@type\":\"WebPage\",\"@id\":\"https:\\\/\\\/annelitammik.com\\\/en\\\/shop\\\/earrings-orbis-l-silver\\\/\",\"url\":\"https:\\\/\\\/annelitammik.com\\\/en\\\/shop\\\/earrings-orbis-l-silver\\\/\",\"name\":\"earrings \\\"Orbis\\\" L, silver - Anneli Tammik Jewellery\",\"isPartOf\":{\"@id\":\"https:\\\/\\\/annelitammik.com\\\/#website\"},\"primaryImageOfPage\":{\"@id\":\"https:\\\/\\\/annelitammik.com\\\/en\\\/shop\\\/earrings-orbis-l-silver\\\/#primaryimage\"},\"image\":{\"@id\":\"https:\\\/\\\/annelitammik.com\\\/en\\\/shop\\\/earrings-orbis-l-silver\\\/#primaryimage\"},\"thumbnailUrl\":\"https:\\\/\\\/annelitammik.com\\\/wp-content\\\/uploads\\\/2021\\\/12\\\/37413514-DC3C-4907-B22D-81B26A2D101D.jpg\",\"datePublished\":\"2021-12-16T10:27:24+00:00\",\"description\":\"cool, stylish, exclusive earrings in different colors\",\"breadcrumb\":{\"@id\":\"https:\\\/\\\/annelitammik.com\\\/en\\\/shop\\\/earrings-orbis-l-silver\\\/#breadcrumb\"},\"inLanguage\":\"en-US\",\"potentialAction\":[{\"@type\":\"ReadAction\",\"target\":[\"https:\\\/\\\/annelitammik.com\\\/en\\\/shop\\\/earrings-orbis-l-silver\\\/\"]}]},{\"@type\":\"ImageObject\",\"inLanguage\":\"en-US\",\"@id\":\"https:\\\/\\\/annelitammik.com\\\/en\\\/shop\\\/earrings-orbis-l-silver\\\/#primaryimage\",\"url\":\"https:\\\/\\\/annelitammik.com\\\/wp-content\\\/uploads\\\/2021\\\/12\\\/37413514-DC3C-4907-B22D-81B26A2D101D.jpg\",\"contentUrl\":\"https:\\\/\\\/annelitammik.com\\\/wp-content\\\/uploads\\\/2021\\\/12\\\/37413514-DC3C-4907-B22D-81B26A2D101D.jpg\",\"width\":1920,\"height\":1920,\"caption\":\"Orbis k\u00f5rvar\u00f5ngad h\u00f5be\"},{\"@type\":\"BreadcrumbList\",\"@id\":\"https:\\\/\\\/annelitammik.com\\\/en\\\/shop\\\/earrings-orbis-l-silver\\\/#breadcrumb\",\"itemListElement\":[{\"@type\":\"ListItem\",\"position\":1,\"name\":\"Home\",\"item\":\"https:\\\/\\\/annelitammik.com\\\/\"},{\"@type\":\"ListItem\",\"position\":2,\"name\":\"Shop\",\"item\":\"https:\\\/\\\/annelitammik.com\\\/pood-anneli-tammik-jewellery\\\/\"},{\"@type\":\"ListItem\",\"position\":3,\"name\":\"earrings &#8220;Orbis&#8221; L, silver\"}]},{\"@type\":\"WebSite\",\"@id\":\"https:\\\/\\\/annelitammik.com\\\/#website\",\"url\":\"https:\\\/\\\/annelitammik.com\\\/\",\"name\":\"Anneli Tammik Jewellery\",\"description\":\"Anneli Tammik Jewellery\",\"publisher\":{\"@id\":\"https:\\\/\\\/annelitammik.com\\\/#\\\/schema\\\/person\\\/41d1e4307ec5bd061589fc0f8cc0147b\"},\"potentialAction\":[{\"@type\":\"SearchAction\",\"target\":{\"@type\":\"EntryPoint\",\"urlTemplate\":\"https:\\\/\\\/annelitammik.com\\\/?s={search_term_string}\"},\"query-input\":{\"@type\":\"PropertyValueSpecification\",\"valueRequired\":true,\"valueName\":\"search_term_string\"}}],\"inLanguage\":\"en-US\"},{\"@type\":[\"Person\",\"Organization\"],\"@id\":\"https:\\\/\\\/annelitammik.com\\\/#\\\/schema\\\/person\\\/41d1e4307ec5bd061589fc0f8cc0147b\",\"name\":\"Anneli Tammik\",\"logo\":{\"@id\":\"https:\\\/\\\/annelitammik.com\\\/#\\\/schema\\\/person\\\/image\\\/\"},\"sameAs\":[\"http:\\\/\\\/www.annelitammik.com\"]}]}<\/script>\n<!-- \/ Yoast SEO plugin. -->","yoast_head_json":{"title":"earrings \"Orbis\" L, silver - Anneli Tammik Jewellery","description":"cool, stylish, exclusive earrings in different colors","robots":{"index":"index","follow":"follow","max-snippet":"max-snippet:-1","max-image-preview":"max-image-preview:large","max-video-preview":"max-video-preview:-1"},"canonical":"https:\/\/annelitammik.com\/en\/shop\/earrings-orbis-l-silver\/","og_locale":"en_US","og_type":"article","og_title":"earrings \"Orbis\" L, silver - Anneli Tammik Jewellery","og_description":"cool, stylish, exclusive earrings in different colors","og_url":"https:\/\/annelitammik.com\/en\/shop\/earrings-orbis-l-silver\/","og_site_name":"Anneli Tammik Jewellery","og_image":[{"width":1920,"height":1920,"url":"https:\/\/i0.wp.com\/annelitammik.com\/wp-content\/uploads\/2021\/12\/37413514-DC3C-4907-B22D-81B26A2D101D.jpg?fit=1920%2C1920&ssl=1","type":"image\/jpeg"}],"twitter_card":"summary_large_image","schema":{"@context":"https:\/\/schema.org","@graph":[{"@type":"WebPage","@id":"https:\/\/annelitammik.com\/en\/shop\/earrings-orbis-l-silver\/","url":"https:\/\/annelitammik.com\/en\/shop\/earrings-orbis-l-silver\/","name":"earrings \"Orbis\" L, silver - Anneli Tammik Jewellery","isPartOf":{"@id":"https:\/\/annelitammik.com\/#website"},"primaryImageOfPage":{"@id":"https:\/\/annelitammik.com\/en\/shop\/earrings-orbis-l-silver\/#primaryimage"},"image":{"@id":"https:\/\/annelitammik.com\/en\/shop\/earrings-orbis-l-silver\/#primaryimage"},"thumbnailUrl":"https:\/\/annelitammik.com\/wp-content\/uploads\/2021\/12\/37413514-DC3C-4907-B22D-81B26A2D101D.jpg","datePublished":"2021-12-16T10:27:24+00:00","description":"cool, stylish, exclusive earrings in different colors","breadcrumb":{"@id":"https:\/\/annelitammik.com\/en\/shop\/earrings-orbis-l-silver\/#breadcrumb"},"inLanguage":"en-US","potentialAction":[{"@type":"ReadAction","target":["https:\/\/annelitammik.com\/en\/shop\/earrings-orbis-l-silver\/"]}]},{"@type":"ImageObject","inLanguage":"en-US","@id":"https:\/\/annelitammik.com\/en\/shop\/earrings-orbis-l-silver\/#primaryimage","url":"https:\/\/annelitammik.com\/wp-content\/uploads\/2021\/12\/37413514-DC3C-4907-B22D-81B26A2D101D.jpg","contentUrl":"https:\/\/annelitammik.com\/wp-content\/uploads\/2021\/12\/37413514-DC3C-4907-B22D-81B26A2D101D.jpg","width":1920,"height":1920,"caption":"Orbis k\u00f5rvar\u00f5ngad h\u00f5be"},{"@type":"BreadcrumbList","@id":"https:\/\/annelitammik.com\/en\/shop\/earrings-orbis-l-silver\/#breadcrumb","itemListElement":[{"@type":"ListItem","position":1,"name":"Home","item":"https:\/\/annelitammik.com\/"},{"@type":"ListItem","position":2,"name":"Shop","item":"https:\/\/annelitammik.com\/pood-anneli-tammik-jewellery\/"},{"@type":"ListItem","position":3,"name":"earrings &#8220;Orbis&#8221; L, silver"}]},{"@type":"WebSite","@id":"https:\/\/annelitammik.com\/#website","url":"https:\/\/annelitammik.com\/","name":"Anneli Tammik Jewellery","description":"Anneli Tammik Jewellery","publisher":{"@id":"https:\/\/annelitammik.com\/#\/schema\/person\/41d1e4307ec5bd061589fc0f8cc0147b"},"potentialAction":[{"@type":"SearchAction","target":{"@type":"EntryPoint","urlTemplate":"https:\/\/annelitammik.com\/?s={search_term_string}"},"query-input":{"@type":"PropertyValueSpecification","valueRequired":true,"valueName":"search_term_string"}}],"inLanguage":"en-US"},{"@type":["Person","Organization"],"@id":"https:\/\/annelitammik.com\/#\/schema\/person\/41d1e4307ec5bd061589fc0f8cc0147b","name":"Anneli Tammik","logo":{"@id":"https:\/\/annelitammik.com\/#\/schema\/person\/image\/"},"sameAs":["http:\/\/www.annelitammik.com"]}]}},"_links":{"self":[{"href":"https:\/\/annelitammik.com\/en\/wp-json\/wp\/v2\/product\/22421","targetHints":{"allow":["GET"]}}],"collection":[{"href":"https:\/\/annelitammik.com\/en\/wp-json\/wp\/v2\/product"}],"about":[{"href":"https:\/\/annelitammik.com\/en\/wp-json\/wp\/v2\/types\/product"}],"wp:featuredmedia":[{"embeddable":true,"href":"https:\/\/annelitammik.com\/en\/wp-json\/wp\/v2\/media\/21941"}],"wp:attachment":[{"href":"https:\/\/annelitammik.com\/en\/wp-json\/wp\/v2\/media?parent=22421"}],"wp:term":[{"taxonomy":"product_brand","embeddable":true,"href":"https:\/\/annelitammik.com\/en\/wp-json\/wp\/v2\/product_brand?post=22421"},{"taxonomy":"product_cat","embeddable":true,"href":"https:\/\/annelitammik.com\/en\/wp-json\/wp\/v2\/product_cat?post=22421"},{"taxonomy":"product_tag","embeddable":true,"href":"https:\/\/annelitammik.com\/en\/wp-json\/wp\/v2\/product_tag?post=22421"}],"curies":[{"name":"wp","href":"https:\/\/api.w.org\/{rel}","templated":true}]}}