{"id":22424,"date":"2021-12-15T21:44:33","date_gmt":"2021-12-15T19:44:33","guid":{"rendered":"https:\/\/annelitammik.com\/pood\/silver-earrings-fold\/"},"modified":"2021-12-15T21:44:33","modified_gmt":"2021-12-15T19:44:33","slug":"silver-earrings-fold","status":"publish","type":"product","link":"https:\/\/annelitammik.com\/en\/shop\/silver-earrings-fold\/","title":{"rendered":"Silver earrings &#8220;Fold&#8221;"},"content":{"rendered":"","protected":false},"excerpt":{"rendered":"<p>Silver earrings &#8220;Fold&#8221;<\/p>\n<p>Silver 925&#8242; , size about 2,5cm<\/p>\n<p>Packed to a lovely gift box.<\/p>\n","protected":false},"featured_media":21894,"template":"","meta":[],"product_brand":[],"product_cat":[273,255],"product_tag":[284,118,119],"class_list":{"0":"post-22424","1":"product","2":"type-product","3":"status-publish","4":"has-post-thumbnail","6":"product_cat-earrings-en-en-6","7":"product_cat-fold","8":"product_tag-fold","9":"product_tag-korvarongad-en","10":"product_tag-silver-en","12":"first","13":"instock","14":"taxable","15":"shipping-taxable","16":"purchasable","17":"product-type-simple"},"yoast_head":"<!-- This site is optimized with the Yoast SEO plugin v27.3 - https:\/\/yoast.com\/product\/yoast-seo-wordpress\/ -->\n<title>Silver earrings &quot;Fold&quot; - Anneli Tammik Jewellery<\/title>\n<meta name=\"description\" content=\"Beautiful silver earrings &quot;Fold&quot;. Silver 925&#039; size 2,5cm\" \/>\n<meta name=\"robots\" content=\"index, follow, max-snippet:-1, max-image-preview:large, max-video-preview:-1\" \/>\n<link rel=\"canonical\" href=\"https:\/\/annelitammik.com\/en\/shop\/silver-earrings-fold\/\" \/>\n<meta property=\"og:locale\" content=\"en_US\" \/>\n<meta property=\"og:type\" content=\"article\" \/>\n<meta property=\"og:title\" content=\"Silver earrings &quot;Fold&quot; - Anneli Tammik Jewellery\" \/>\n<meta property=\"og:description\" content=\"Beautiful silver earrings &quot;Fold&quot;. Silver 925&#039; size 2,5cm\" \/>\n<meta property=\"og:url\" content=\"https:\/\/annelitammik.com\/en\/shop\/silver-earrings-fold\/\" \/>\n<meta property=\"og:site_name\" content=\"Anneli Tammik Jewellery\" \/>\n<meta property=\"og:image\" content=\"https:\/\/i0.wp.com\/annelitammik.com\/wp-content\/uploads\/2021\/12\/2994875D-F034-4B85-A6DC-005FF7C604FC.jpg?fit=1180%2C1180&ssl=1\" \/>\n\t<meta property=\"og:image:width\" content=\"1180\" \/>\n\t<meta property=\"og:image:height\" content=\"1180\" \/>\n\t<meta property=\"og:image:type\" content=\"image\/jpeg\" \/>\n<meta name=\"twitter:card\" content=\"summary_large_image\" \/>\n<script type=\"application\/ld+json\" class=\"yoast-schema-graph\">{\"@context\":\"https:\\\/\\\/schema.org\",\"@graph\":[{\"@type\":\"WebPage\",\"@id\":\"https:\\\/\\\/annelitammik.com\\\/en\\\/shop\\\/silver-earrings-fold\\\/\",\"url\":\"https:\\\/\\\/annelitammik.com\\\/en\\\/shop\\\/silver-earrings-fold\\\/\",\"name\":\"Silver earrings \\\"Fold\\\" - Anneli Tammik Jewellery\",\"isPartOf\":{\"@id\":\"https:\\\/\\\/annelitammik.com\\\/#website\"},\"primaryImageOfPage\":{\"@id\":\"https:\\\/\\\/annelitammik.com\\\/en\\\/shop\\\/silver-earrings-fold\\\/#primaryimage\"},\"image\":{\"@id\":\"https:\\\/\\\/annelitammik.com\\\/en\\\/shop\\\/silver-earrings-fold\\\/#primaryimage\"},\"thumbnailUrl\":\"https:\\\/\\\/annelitammik.com\\\/wp-content\\\/uploads\\\/2021\\\/12\\\/2994875D-F034-4B85-A6DC-005FF7C604FC.jpg\",\"datePublished\":\"2021-12-15T19:44:33+00:00\",\"description\":\"Beautiful silver earrings \\\"Fold\\\". Silver 925' size 2,5cm\",\"breadcrumb\":{\"@id\":\"https:\\\/\\\/annelitammik.com\\\/en\\\/shop\\\/silver-earrings-fold\\\/#breadcrumb\"},\"inLanguage\":\"en-US\",\"potentialAction\":[{\"@type\":\"ReadAction\",\"target\":[\"https:\\\/\\\/annelitammik.com\\\/en\\\/shop\\\/silver-earrings-fold\\\/\"]}]},{\"@type\":\"ImageObject\",\"inLanguage\":\"en-US\",\"@id\":\"https:\\\/\\\/annelitammik.com\\\/en\\\/shop\\\/silver-earrings-fold\\\/#primaryimage\",\"url\":\"https:\\\/\\\/annelitammik.com\\\/wp-content\\\/uploads\\\/2021\\\/12\\\/2994875D-F034-4B85-A6DC-005FF7C604FC.jpg\",\"contentUrl\":\"https:\\\/\\\/annelitammik.com\\\/wp-content\\\/uploads\\\/2021\\\/12\\\/2994875D-F034-4B85-A6DC-005FF7C604FC.jpg\",\"width\":1180,\"height\":1180,\"caption\":\"V\u00e4ike volt k\u00f5rvar\u00f5ngad abstraktne vaba vorm\"},{\"@type\":\"BreadcrumbList\",\"@id\":\"https:\\\/\\\/annelitammik.com\\\/en\\\/shop\\\/silver-earrings-fold\\\/#breadcrumb\",\"itemListElement\":[{\"@type\":\"ListItem\",\"position\":1,\"name\":\"Home\",\"item\":\"https:\\\/\\\/annelitammik.com\\\/\"},{\"@type\":\"ListItem\",\"position\":2,\"name\":\"Shop\",\"item\":\"https:\\\/\\\/annelitammik.com\\\/pood-anneli-tammik-jewellery\\\/\"},{\"@type\":\"ListItem\",\"position\":3,\"name\":\"Silver earrings &#8220;Fold&#8221;\"}]},{\"@type\":\"WebSite\",\"@id\":\"https:\\\/\\\/annelitammik.com\\\/#website\",\"url\":\"https:\\\/\\\/annelitammik.com\\\/\",\"name\":\"Anneli Tammik Jewellery\",\"description\":\"Anneli Tammik Jewellery\",\"publisher\":{\"@id\":\"https:\\\/\\\/annelitammik.com\\\/#\\\/schema\\\/person\\\/41d1e4307ec5bd061589fc0f8cc0147b\"},\"potentialAction\":[{\"@type\":\"SearchAction\",\"target\":{\"@type\":\"EntryPoint\",\"urlTemplate\":\"https:\\\/\\\/annelitammik.com\\\/?s={search_term_string}\"},\"query-input\":{\"@type\":\"PropertyValueSpecification\",\"valueRequired\":true,\"valueName\":\"search_term_string\"}}],\"inLanguage\":\"en-US\"},{\"@type\":[\"Person\",\"Organization\"],\"@id\":\"https:\\\/\\\/annelitammik.com\\\/#\\\/schema\\\/person\\\/41d1e4307ec5bd061589fc0f8cc0147b\",\"name\":\"Anneli Tammik\",\"logo\":{\"@id\":\"https:\\\/\\\/annelitammik.com\\\/#\\\/schema\\\/person\\\/image\\\/\"},\"sameAs\":[\"http:\\\/\\\/www.annelitammik.com\"]}]}<\/script>\n<!-- \/ Yoast SEO plugin. -->","yoast_head_json":{"title":"Silver earrings \"Fold\" - Anneli Tammik Jewellery","description":"Beautiful silver earrings \"Fold\". Silver 925' size 2,5cm","robots":{"index":"index","follow":"follow","max-snippet":"max-snippet:-1","max-image-preview":"max-image-preview:large","max-video-preview":"max-video-preview:-1"},"canonical":"https:\/\/annelitammik.com\/en\/shop\/silver-earrings-fold\/","og_locale":"en_US","og_type":"article","og_title":"Silver earrings \"Fold\" - Anneli Tammik Jewellery","og_description":"Beautiful silver earrings \"Fold\". Silver 925' size 2,5cm","og_url":"https:\/\/annelitammik.com\/en\/shop\/silver-earrings-fold\/","og_site_name":"Anneli Tammik Jewellery","og_image":[{"width":1180,"height":1180,"url":"https:\/\/i0.wp.com\/annelitammik.com\/wp-content\/uploads\/2021\/12\/2994875D-F034-4B85-A6DC-005FF7C604FC.jpg?fit=1180%2C1180&ssl=1","type":"image\/jpeg"}],"twitter_card":"summary_large_image","schema":{"@context":"https:\/\/schema.org","@graph":[{"@type":"WebPage","@id":"https:\/\/annelitammik.com\/en\/shop\/silver-earrings-fold\/","url":"https:\/\/annelitammik.com\/en\/shop\/silver-earrings-fold\/","name":"Silver earrings \"Fold\" - Anneli Tammik Jewellery","isPartOf":{"@id":"https:\/\/annelitammik.com\/#website"},"primaryImageOfPage":{"@id":"https:\/\/annelitammik.com\/en\/shop\/silver-earrings-fold\/#primaryimage"},"image":{"@id":"https:\/\/annelitammik.com\/en\/shop\/silver-earrings-fold\/#primaryimage"},"thumbnailUrl":"https:\/\/annelitammik.com\/wp-content\/uploads\/2021\/12\/2994875D-F034-4B85-A6DC-005FF7C604FC.jpg","datePublished":"2021-12-15T19:44:33+00:00","description":"Beautiful silver earrings \"Fold\". Silver 925' size 2,5cm","breadcrumb":{"@id":"https:\/\/annelitammik.com\/en\/shop\/silver-earrings-fold\/#breadcrumb"},"inLanguage":"en-US","potentialAction":[{"@type":"ReadAction","target":["https:\/\/annelitammik.com\/en\/shop\/silver-earrings-fold\/"]}]},{"@type":"ImageObject","inLanguage":"en-US","@id":"https:\/\/annelitammik.com\/en\/shop\/silver-earrings-fold\/#primaryimage","url":"https:\/\/annelitammik.com\/wp-content\/uploads\/2021\/12\/2994875D-F034-4B85-A6DC-005FF7C604FC.jpg","contentUrl":"https:\/\/annelitammik.com\/wp-content\/uploads\/2021\/12\/2994875D-F034-4B85-A6DC-005FF7C604FC.jpg","width":1180,"height":1180,"caption":"V\u00e4ike volt k\u00f5rvar\u00f5ngad abstraktne vaba vorm"},{"@type":"BreadcrumbList","@id":"https:\/\/annelitammik.com\/en\/shop\/silver-earrings-fold\/#breadcrumb","itemListElement":[{"@type":"ListItem","position":1,"name":"Home","item":"https:\/\/annelitammik.com\/"},{"@type":"ListItem","position":2,"name":"Shop","item":"https:\/\/annelitammik.com\/pood-anneli-tammik-jewellery\/"},{"@type":"ListItem","position":3,"name":"Silver earrings &#8220;Fold&#8221;"}]},{"@type":"WebSite","@id":"https:\/\/annelitammik.com\/#website","url":"https:\/\/annelitammik.com\/","name":"Anneli Tammik Jewellery","description":"Anneli Tammik Jewellery","publisher":{"@id":"https:\/\/annelitammik.com\/#\/schema\/person\/41d1e4307ec5bd061589fc0f8cc0147b"},"potentialAction":[{"@type":"SearchAction","target":{"@type":"EntryPoint","urlTemplate":"https:\/\/annelitammik.com\/?s={search_term_string}"},"query-input":{"@type":"PropertyValueSpecification","valueRequired":true,"valueName":"search_term_string"}}],"inLanguage":"en-US"},{"@type":["Person","Organization"],"@id":"https:\/\/annelitammik.com\/#\/schema\/person\/41d1e4307ec5bd061589fc0f8cc0147b","name":"Anneli Tammik","logo":{"@id":"https:\/\/annelitammik.com\/#\/schema\/person\/image\/"},"sameAs":["http:\/\/www.annelitammik.com"]}]}},"_links":{"self":[{"href":"https:\/\/annelitammik.com\/en\/wp-json\/wp\/v2\/product\/22424","targetHints":{"allow":["GET"]}}],"collection":[{"href":"https:\/\/annelitammik.com\/en\/wp-json\/wp\/v2\/product"}],"about":[{"href":"https:\/\/annelitammik.com\/en\/wp-json\/wp\/v2\/types\/product"}],"wp:featuredmedia":[{"embeddable":true,"href":"https:\/\/annelitammik.com\/en\/wp-json\/wp\/v2\/media\/21894"}],"wp:attachment":[{"href":"https:\/\/annelitammik.com\/en\/wp-json\/wp\/v2\/media?parent=22424"}],"wp:term":[{"taxonomy":"product_brand","embeddable":true,"href":"https:\/\/annelitammik.com\/en\/wp-json\/wp\/v2\/product_brand?post=22424"},{"taxonomy":"product_cat","embeddable":true,"href":"https:\/\/annelitammik.com\/en\/wp-json\/wp\/v2\/product_cat?post=22424"},{"taxonomy":"product_tag","embeddable":true,"href":"https:\/\/annelitammik.com\/en\/wp-json\/wp\/v2\/product_tag?post=22424"}],"curies":[{"name":"wp","href":"https:\/\/api.w.org\/{rel}","templated":true}]}}