{"id":23290,"date":"2024-03-27T20:37:23","date_gmt":"2024-03-27T18:37:23","guid":{"rendered":"https:\/\/annelitammik.com\/?post_type=product&#038;p=23290"},"modified":"2024-03-27T20:48:47","modified_gmt":"2024-03-27T18:48:47","slug":"silver-earrings-orbis-kopeeri","status":"publish","type":"product","link":"https:\/\/annelitammik.com\/en\/shop\/silver-earrings-orbis-kopeeri\/","title":{"rendered":"Silver earrings Orbis , gold plated"},"content":{"rendered":"","protected":false},"excerpt":{"rendered":"<p>Small series Orbis new earrings.<\/p>\n<p>Modern strong form, fastening with a pin<\/p>\n<p>Silver, gold plated<\/p>\n<p>The jewelry arrives in a beautiful gift box<\/p>\n","protected":false},"featured_media":22805,"template":"","meta":[],"product_brand":[],"product_cat":[243,242],"product_tag":[286,118,279,281],"class_list":{"0":"post-23290","1":"product","2":"type-product","3":"status-publish","4":"has-post-thumbnail","6":"product_cat-earrings-orbis-en","7":"product_cat-spiraal-en","8":"product_tag-gold-pleated","9":"product_tag-korvarongad-en","10":"product_tag-orbis-en","11":"product_tag-silver-jewellery","13":"first","14":"onbackorder","15":"taxable","16":"shipping-taxable","17":"purchasable","18":"product-type-simple"},"yoast_head":"<!-- This site is optimized with the Yoast SEO plugin v27.3 - https:\/\/yoast.com\/product\/yoast-seo-wordpress\/ -->\n<title>Silver earrings Orbis , gold plated - Anneli Tammik Jewellery<\/title>\n<meta name=\"description\" content=\"Small series Orbis new arrivals! Earrings with a modern line in different finishes. Anneli Tammik Jewelery e-shop annelitammik.com\" \/>\n<meta name=\"robots\" content=\"index, follow, max-snippet:-1, max-image-preview:large, max-video-preview:-1\" \/>\n<link rel=\"canonical\" href=\"https:\/\/annelitammik.com\/pood\/korvarongad-orbis-tiftiga-hobe-kullatud\/\" \/>\n<meta property=\"og:locale\" content=\"en_US\" \/>\n<meta property=\"og:type\" content=\"article\" \/>\n<meta property=\"og:title\" content=\"Silver earrings Orbis , gold plated - Anneli Tammik Jewellery\" \/>\n<meta property=\"og:description\" content=\"Small series Orbis new arrivals! Earrings with a modern line in different finishes. Anneli Tammik Jewelery e-shop annelitammik.com\" \/>\n<meta property=\"og:url\" content=\"https:\/\/annelitammik.com\/pood\/korvarongad-orbis-tiftiga-hobe-kullatud\/\" \/>\n<meta property=\"og:site_name\" content=\"Anneli Tammik Jewellery\" \/>\n<meta property=\"article:modified_time\" content=\"2024-03-27T18:48:47+00:00\" \/>\n<meta property=\"og:image\" content=\"https:\/\/annelitammik.com\/wp-content\/uploads\/2023\/05\/9.5.23-12-e1711563764592.jpg\" \/>\n\t<meta property=\"og:image:width\" content=\"800\" \/>\n\t<meta property=\"og:image:height\" content=\"800\" \/>\n\t<meta property=\"og:image:type\" content=\"image\/jpeg\" \/>\n<meta name=\"twitter:card\" content=\"summary_large_image\" \/>\n<script type=\"application\/ld+json\" class=\"yoast-schema-graph\">{\"@context\":\"https:\\\/\\\/schema.org\",\"@graph\":[{\"@type\":\"WebPage\",\"@id\":\"https:\\\/\\\/annelitammik.com\\\/pood\\\/korvarongad-orbis-tiftiga-hobe-kullatud\\\/\",\"url\":\"https:\\\/\\\/annelitammik.com\\\/pood\\\/korvarongad-orbis-tiftiga-hobe-kullatud\\\/\",\"name\":\"Silver earrings Orbis , gold plated - Anneli Tammik Jewellery\",\"isPartOf\":{\"@id\":\"https:\\\/\\\/annelitammik.com\\\/#website\"},\"primaryImageOfPage\":{\"@id\":\"https:\\\/\\\/annelitammik.com\\\/pood\\\/korvarongad-orbis-tiftiga-hobe-kullatud\\\/#primaryimage\"},\"image\":{\"@id\":\"https:\\\/\\\/annelitammik.com\\\/pood\\\/korvarongad-orbis-tiftiga-hobe-kullatud\\\/#primaryimage\"},\"thumbnailUrl\":\"https:\\\/\\\/annelitammik.com\\\/wp-content\\\/uploads\\\/2023\\\/05\\\/9.5.23-12-e1711563764592.jpg\",\"datePublished\":\"2024-03-27T18:37:23+00:00\",\"dateModified\":\"2024-03-27T18:48:47+00:00\",\"description\":\"Small series Orbis new arrivals! Earrings with a modern line in different finishes. Anneli Tammik Jewelery e-shop annelitammik.com\",\"breadcrumb\":{\"@id\":\"https:\\\/\\\/annelitammik.com\\\/pood\\\/korvarongad-orbis-tiftiga-hobe-kullatud\\\/#breadcrumb\"},\"inLanguage\":\"en-US\",\"potentialAction\":[{\"@type\":\"ReadAction\",\"target\":[\"https:\\\/\\\/annelitammik.com\\\/pood\\\/korvarongad-orbis-tiftiga-hobe-kullatud\\\/\"]}]},{\"@type\":\"ImageObject\",\"inLanguage\":\"en-US\",\"@id\":\"https:\\\/\\\/annelitammik.com\\\/pood\\\/korvarongad-orbis-tiftiga-hobe-kullatud\\\/#primaryimage\",\"url\":\"https:\\\/\\\/annelitammik.com\\\/wp-content\\\/uploads\\\/2023\\\/05\\\/9.5.23-12-e1711563764592.jpg\",\"contentUrl\":\"https:\\\/\\\/annelitammik.com\\\/wp-content\\\/uploads\\\/2023\\\/05\\\/9.5.23-12-e1711563764592.jpg\",\"width\":700,\"height\":700,\"caption\":\"K\u00f5rvar\u00f5ngad Orbis, tiftiga, h\u00f5be kullatud. Anneli tammik Jewllery\"},{\"@type\":\"BreadcrumbList\",\"@id\":\"https:\\\/\\\/annelitammik.com\\\/pood\\\/korvarongad-orbis-tiftiga-hobe-kullatud\\\/#breadcrumb\",\"itemListElement\":[{\"@type\":\"ListItem\",\"position\":1,\"name\":\"Home\",\"item\":\"https:\\\/\\\/annelitammik.com\\\/\"},{\"@type\":\"ListItem\",\"position\":2,\"name\":\"Shop\",\"item\":\"https:\\\/\\\/annelitammik.com\\\/pood-anneli-tammik-jewellery\\\/\"},{\"@type\":\"ListItem\",\"position\":3,\"name\":\"Silver earrings Orbis , gold plated\"}]},{\"@type\":\"WebSite\",\"@id\":\"https:\\\/\\\/annelitammik.com\\\/#website\",\"url\":\"https:\\\/\\\/annelitammik.com\\\/\",\"name\":\"Anneli Tammik Jewellery\",\"description\":\"Anneli Tammik Jewellery\",\"publisher\":{\"@id\":\"https:\\\/\\\/annelitammik.com\\\/#\\\/schema\\\/person\\\/41d1e4307ec5bd061589fc0f8cc0147b\"},\"potentialAction\":[{\"@type\":\"SearchAction\",\"target\":{\"@type\":\"EntryPoint\",\"urlTemplate\":\"https:\\\/\\\/annelitammik.com\\\/?s={search_term_string}\"},\"query-input\":{\"@type\":\"PropertyValueSpecification\",\"valueRequired\":true,\"valueName\":\"search_term_string\"}}],\"inLanguage\":\"en-US\"},{\"@type\":[\"Person\",\"Organization\"],\"@id\":\"https:\\\/\\\/annelitammik.com\\\/#\\\/schema\\\/person\\\/41d1e4307ec5bd061589fc0f8cc0147b\",\"name\":\"Anneli Tammik\",\"logo\":{\"@id\":\"https:\\\/\\\/annelitammik.com\\\/#\\\/schema\\\/person\\\/image\\\/\"},\"sameAs\":[\"http:\\\/\\\/www.annelitammik.com\"]}]}<\/script>\n<!-- \/ Yoast SEO plugin. -->","yoast_head_json":{"title":"Silver earrings Orbis , gold plated - Anneli Tammik Jewellery","description":"Small series Orbis new arrivals! Earrings with a modern line in different finishes. Anneli Tammik Jewelery e-shop annelitammik.com","robots":{"index":"index","follow":"follow","max-snippet":"max-snippet:-1","max-image-preview":"max-image-preview:large","max-video-preview":"max-video-preview:-1"},"canonical":"https:\/\/annelitammik.com\/pood\/korvarongad-orbis-tiftiga-hobe-kullatud\/","og_locale":"en_US","og_type":"article","og_title":"Silver earrings Orbis , gold plated - Anneli Tammik Jewellery","og_description":"Small series Orbis new arrivals! Earrings with a modern line in different finishes. Anneli Tammik Jewelery e-shop annelitammik.com","og_url":"https:\/\/annelitammik.com\/pood\/korvarongad-orbis-tiftiga-hobe-kullatud\/","og_site_name":"Anneli Tammik Jewellery","article_modified_time":"2024-03-27T18:48:47+00:00","og_image":[{"width":800,"height":800,"url":"https:\/\/annelitammik.com\/wp-content\/uploads\/2023\/05\/9.5.23-12-e1711563764592.jpg","type":"image\/jpeg"}],"twitter_card":"summary_large_image","schema":{"@context":"https:\/\/schema.org","@graph":[{"@type":"WebPage","@id":"https:\/\/annelitammik.com\/pood\/korvarongad-orbis-tiftiga-hobe-kullatud\/","url":"https:\/\/annelitammik.com\/pood\/korvarongad-orbis-tiftiga-hobe-kullatud\/","name":"Silver earrings Orbis , gold plated - Anneli Tammik Jewellery","isPartOf":{"@id":"https:\/\/annelitammik.com\/#website"},"primaryImageOfPage":{"@id":"https:\/\/annelitammik.com\/pood\/korvarongad-orbis-tiftiga-hobe-kullatud\/#primaryimage"},"image":{"@id":"https:\/\/annelitammik.com\/pood\/korvarongad-orbis-tiftiga-hobe-kullatud\/#primaryimage"},"thumbnailUrl":"https:\/\/annelitammik.com\/wp-content\/uploads\/2023\/05\/9.5.23-12-e1711563764592.jpg","datePublished":"2024-03-27T18:37:23+00:00","dateModified":"2024-03-27T18:48:47+00:00","description":"Small series Orbis new arrivals! Earrings with a modern line in different finishes. Anneli Tammik Jewelery e-shop annelitammik.com","breadcrumb":{"@id":"https:\/\/annelitammik.com\/pood\/korvarongad-orbis-tiftiga-hobe-kullatud\/#breadcrumb"},"inLanguage":"en-US","potentialAction":[{"@type":"ReadAction","target":["https:\/\/annelitammik.com\/pood\/korvarongad-orbis-tiftiga-hobe-kullatud\/"]}]},{"@type":"ImageObject","inLanguage":"en-US","@id":"https:\/\/annelitammik.com\/pood\/korvarongad-orbis-tiftiga-hobe-kullatud\/#primaryimage","url":"https:\/\/annelitammik.com\/wp-content\/uploads\/2023\/05\/9.5.23-12-e1711563764592.jpg","contentUrl":"https:\/\/annelitammik.com\/wp-content\/uploads\/2023\/05\/9.5.23-12-e1711563764592.jpg","width":700,"height":700,"caption":"K\u00f5rvar\u00f5ngad Orbis, tiftiga, h\u00f5be kullatud. Anneli tammik Jewllery"},{"@type":"BreadcrumbList","@id":"https:\/\/annelitammik.com\/pood\/korvarongad-orbis-tiftiga-hobe-kullatud\/#breadcrumb","itemListElement":[{"@type":"ListItem","position":1,"name":"Home","item":"https:\/\/annelitammik.com\/"},{"@type":"ListItem","position":2,"name":"Shop","item":"https:\/\/annelitammik.com\/pood-anneli-tammik-jewellery\/"},{"@type":"ListItem","position":3,"name":"Silver earrings Orbis , gold plated"}]},{"@type":"WebSite","@id":"https:\/\/annelitammik.com\/#website","url":"https:\/\/annelitammik.com\/","name":"Anneli Tammik Jewellery","description":"Anneli Tammik Jewellery","publisher":{"@id":"https:\/\/annelitammik.com\/#\/schema\/person\/41d1e4307ec5bd061589fc0f8cc0147b"},"potentialAction":[{"@type":"SearchAction","target":{"@type":"EntryPoint","urlTemplate":"https:\/\/annelitammik.com\/?s={search_term_string}"},"query-input":{"@type":"PropertyValueSpecification","valueRequired":true,"valueName":"search_term_string"}}],"inLanguage":"en-US"},{"@type":["Person","Organization"],"@id":"https:\/\/annelitammik.com\/#\/schema\/person\/41d1e4307ec5bd061589fc0f8cc0147b","name":"Anneli Tammik","logo":{"@id":"https:\/\/annelitammik.com\/#\/schema\/person\/image\/"},"sameAs":["http:\/\/www.annelitammik.com"]}]}},"_links":{"self":[{"href":"https:\/\/annelitammik.com\/en\/wp-json\/wp\/v2\/product\/23290","targetHints":{"allow":["GET"]}}],"collection":[{"href":"https:\/\/annelitammik.com\/en\/wp-json\/wp\/v2\/product"}],"about":[{"href":"https:\/\/annelitammik.com\/en\/wp-json\/wp\/v2\/types\/product"}],"wp:featuredmedia":[{"embeddable":true,"href":"https:\/\/annelitammik.com\/en\/wp-json\/wp\/v2\/media\/22805"}],"wp:attachment":[{"href":"https:\/\/annelitammik.com\/en\/wp-json\/wp\/v2\/media?parent=23290"}],"wp:term":[{"taxonomy":"product_brand","embeddable":true,"href":"https:\/\/annelitammik.com\/en\/wp-json\/wp\/v2\/product_brand?post=23290"},{"taxonomy":"product_cat","embeddable":true,"href":"https:\/\/annelitammik.com\/en\/wp-json\/wp\/v2\/product_cat?post=23290"},{"taxonomy":"product_tag","embeddable":true,"href":"https:\/\/annelitammik.com\/en\/wp-json\/wp\/v2\/product_tag?post=23290"}],"curies":[{"name":"wp","href":"https:\/\/api.w.org\/{rel}","templated":true}]}}