{"id":23472,"date":"2021-08-27T16:41:52","date_gmt":"2021-08-27T13:41:52","guid":{"rendered":"https:\/\/annelitammik.com\/shop\/acorn-earrings-autumn\/"},"modified":"2021-08-27T16:41:52","modified_gmt":"2021-08-27T13:41:52","slug":"acorn-earrings-autumn","status":"publish","type":"product","link":"https:\/\/annelitammik.com\/en\/shop\/acorn-earrings-autumn\/","title":{"rendered":"Acorn earrings &#8220;Autumn&#8221;"},"content":{"rendered":"","protected":false},"excerpt":{"rendered":"<p>Acorn earrings from the smaller store &#8220;Autumn&#8221;<\/p>\n<p>Silver 925, hook length 2 cm, smoky quartz in the ear<\/p>\n<p>The jewelry is packed in a beautiful gift box.<\/p>\n","protected":false},"featured_media":20970,"template":"","meta":[],"product_brand":[],"product_cat":[268,269],"product_tag":[118,119,281,314],"class_list":{"0":"post-23472","1":"product","2":"type-product","3":"status-publish","4":"has-post-thumbnail","6":"product_cat-autumn","7":"product_cat-earrings-en-en-4","8":"product_tag-korvarongad-en","9":"product_tag-silver-en","10":"product_tag-silver-jewellery","11":"product_tag-smoked-quartz","13":"first","14":"outofstock","15":"taxable","16":"shipping-taxable","17":"purchasable","18":"product-type-simple"},"yoast_head":"<!-- This site is optimized with the Yoast SEO plugin v27.3 - https:\/\/yoast.com\/product\/yoast-seo-wordpress\/ -->\n<title>Acorn earrings &quot;Autumn&quot; - Anneli Tammik Jewellery<\/title>\n<meta name=\"description\" content=\"Acorn earrings &quot;Autumn&quot; - Anneli Tammik Jewellery - Silver 925`earrings with hook, acorns smoky quartz. E-shop www.annelitammik.com\" \/>\n<meta name=\"robots\" content=\"index, follow, max-snippet:-1, max-image-preview:large, max-video-preview:-1\" \/>\n<link rel=\"canonical\" href=\"https:\/\/annelitammik.com\/pood\/hobe-korvarongad-torud-sugis-annelitammik-com\/\" \/>\n<meta property=\"og:locale\" content=\"en_US\" \/>\n<meta property=\"og:type\" content=\"article\" \/>\n<meta property=\"og:title\" content=\"Acorn earrings &quot;Autumn&quot; - Anneli Tammik Jewellery\" \/>\n<meta property=\"og:description\" content=\"Acorn earrings &quot;Autumn&quot; - Anneli Tammik Jewellery - Silver 925`earrings with hook, acorns smoky quartz. E-shop www.annelitammik.com\" \/>\n<meta property=\"og:url\" content=\"https:\/\/annelitammik.com\/pood\/hobe-korvarongad-torud-sugis-annelitammik-com\/\" \/>\n<meta property=\"og:site_name\" content=\"Anneli Tammik Jewellery\" \/>\n<meta property=\"og:image\" content=\"https:\/\/annelitammik.com\/wp-content\/uploads\/2020\/10\/anneli_tammik_aastaajad_sugis_07.jpeg\" \/>\n\t<meta property=\"og:image:width\" content=\"945\" \/>\n\t<meta property=\"og:image:height\" content=\"630\" \/>\n\t<meta property=\"og:image:type\" content=\"image\/jpeg\" \/>\n<meta name=\"twitter:card\" content=\"summary_large_image\" \/>\n<script type=\"application\/ld+json\" class=\"yoast-schema-graph\">{\"@context\":\"https:\\\/\\\/schema.org\",\"@graph\":[{\"@type\":\"WebPage\",\"@id\":\"https:\\\/\\\/annelitammik.com\\\/pood\\\/hobe-korvarongad-torud-sugis-annelitammik-com\\\/\",\"url\":\"https:\\\/\\\/annelitammik.com\\\/pood\\\/hobe-korvarongad-torud-sugis-annelitammik-com\\\/\",\"name\":\"Acorn earrings \\\"Autumn\\\" - Anneli Tammik Jewellery\",\"isPartOf\":{\"@id\":\"https:\\\/\\\/annelitammik.com\\\/#website\"},\"primaryImageOfPage\":{\"@id\":\"https:\\\/\\\/annelitammik.com\\\/pood\\\/hobe-korvarongad-torud-sugis-annelitammik-com\\\/#primaryimage\"},\"image\":{\"@id\":\"https:\\\/\\\/annelitammik.com\\\/pood\\\/hobe-korvarongad-torud-sugis-annelitammik-com\\\/#primaryimage\"},\"thumbnailUrl\":\"https:\\\/\\\/annelitammik.com\\\/wp-content\\\/uploads\\\/2020\\\/10\\\/anneli_tammik_aastaajad_sugis_07.jpeg\",\"datePublished\":\"2021-08-27T13:41:52+00:00\",\"description\":\"Acorn earrings \\\"Autumn\\\" - Anneli Tammik Jewellery - Silver 925`earrings with hook, acorns smoky quartz. E-shop www.annelitammik.com\",\"breadcrumb\":{\"@id\":\"https:\\\/\\\/annelitammik.com\\\/pood\\\/hobe-korvarongad-torud-sugis-annelitammik-com\\\/#breadcrumb\"},\"inLanguage\":\"en-US\",\"potentialAction\":[{\"@type\":\"ReadAction\",\"target\":[\"https:\\\/\\\/annelitammik.com\\\/pood\\\/hobe-korvarongad-torud-sugis-annelitammik-com\\\/\"]}]},{\"@type\":\"ImageObject\",\"inLanguage\":\"en-US\",\"@id\":\"https:\\\/\\\/annelitammik.com\\\/pood\\\/hobe-korvarongad-torud-sugis-annelitammik-com\\\/#primaryimage\",\"url\":\"https:\\\/\\\/annelitammik.com\\\/wp-content\\\/uploads\\\/2020\\\/10\\\/anneli_tammik_aastaajad_sugis_07.jpeg\",\"contentUrl\":\"https:\\\/\\\/annelitammik.com\\\/wp-content\\\/uploads\\\/2020\\\/10\\\/anneli_tammik_aastaajad_sugis_07.jpeg\",\"width\":945,\"height\":630,\"caption\":\"Tammet\u00f5ru k\u00f5rvar\u00f5ngad S\u00fcgis Anneli Tammik\"},{\"@type\":\"BreadcrumbList\",\"@id\":\"https:\\\/\\\/annelitammik.com\\\/pood\\\/hobe-korvarongad-torud-sugis-annelitammik-com\\\/#breadcrumb\",\"itemListElement\":[{\"@type\":\"ListItem\",\"position\":1,\"name\":\"Home\",\"item\":\"https:\\\/\\\/annelitammik.com\\\/\"},{\"@type\":\"ListItem\",\"position\":2,\"name\":\"Shop\",\"item\":\"https:\\\/\\\/annelitammik.com\\\/pood-anneli-tammik-jewellery\\\/\"},{\"@type\":\"ListItem\",\"position\":3,\"name\":\"Acorn earrings &#8220;Autumn&#8221;\"}]},{\"@type\":\"WebSite\",\"@id\":\"https:\\\/\\\/annelitammik.com\\\/#website\",\"url\":\"https:\\\/\\\/annelitammik.com\\\/\",\"name\":\"Anneli Tammik Jewellery\",\"description\":\"Anneli Tammik Jewellery\",\"publisher\":{\"@id\":\"https:\\\/\\\/annelitammik.com\\\/#\\\/schema\\\/person\\\/41d1e4307ec5bd061589fc0f8cc0147b\"},\"potentialAction\":[{\"@type\":\"SearchAction\",\"target\":{\"@type\":\"EntryPoint\",\"urlTemplate\":\"https:\\\/\\\/annelitammik.com\\\/?s={search_term_string}\"},\"query-input\":{\"@type\":\"PropertyValueSpecification\",\"valueRequired\":true,\"valueName\":\"search_term_string\"}}],\"inLanguage\":\"en-US\"},{\"@type\":[\"Person\",\"Organization\"],\"@id\":\"https:\\\/\\\/annelitammik.com\\\/#\\\/schema\\\/person\\\/41d1e4307ec5bd061589fc0f8cc0147b\",\"name\":\"Anneli Tammik\",\"logo\":{\"@id\":\"https:\\\/\\\/annelitammik.com\\\/#\\\/schema\\\/person\\\/image\\\/\"},\"sameAs\":[\"http:\\\/\\\/www.annelitammik.com\"]}]}<\/script>\n<!-- \/ Yoast SEO plugin. -->","yoast_head_json":{"title":"Acorn earrings \"Autumn\" - Anneli Tammik Jewellery","description":"Acorn earrings \"Autumn\" - Anneli Tammik Jewellery - Silver 925`earrings with hook, acorns smoky quartz. E-shop www.annelitammik.com","robots":{"index":"index","follow":"follow","max-snippet":"max-snippet:-1","max-image-preview":"max-image-preview:large","max-video-preview":"max-video-preview:-1"},"canonical":"https:\/\/annelitammik.com\/pood\/hobe-korvarongad-torud-sugis-annelitammik-com\/","og_locale":"en_US","og_type":"article","og_title":"Acorn earrings \"Autumn\" - Anneli Tammik Jewellery","og_description":"Acorn earrings \"Autumn\" - Anneli Tammik Jewellery - Silver 925`earrings with hook, acorns smoky quartz. E-shop www.annelitammik.com","og_url":"https:\/\/annelitammik.com\/pood\/hobe-korvarongad-torud-sugis-annelitammik-com\/","og_site_name":"Anneli Tammik Jewellery","og_image":[{"width":945,"height":630,"url":"https:\/\/annelitammik.com\/wp-content\/uploads\/2020\/10\/anneli_tammik_aastaajad_sugis_07.jpeg","type":"image\/jpeg"}],"twitter_card":"summary_large_image","schema":{"@context":"https:\/\/schema.org","@graph":[{"@type":"WebPage","@id":"https:\/\/annelitammik.com\/pood\/hobe-korvarongad-torud-sugis-annelitammik-com\/","url":"https:\/\/annelitammik.com\/pood\/hobe-korvarongad-torud-sugis-annelitammik-com\/","name":"Acorn earrings \"Autumn\" - Anneli Tammik Jewellery","isPartOf":{"@id":"https:\/\/annelitammik.com\/#website"},"primaryImageOfPage":{"@id":"https:\/\/annelitammik.com\/pood\/hobe-korvarongad-torud-sugis-annelitammik-com\/#primaryimage"},"image":{"@id":"https:\/\/annelitammik.com\/pood\/hobe-korvarongad-torud-sugis-annelitammik-com\/#primaryimage"},"thumbnailUrl":"https:\/\/annelitammik.com\/wp-content\/uploads\/2020\/10\/anneli_tammik_aastaajad_sugis_07.jpeg","datePublished":"2021-08-27T13:41:52+00:00","description":"Acorn earrings \"Autumn\" - Anneli Tammik Jewellery - Silver 925`earrings with hook, acorns smoky quartz. E-shop www.annelitammik.com","breadcrumb":{"@id":"https:\/\/annelitammik.com\/pood\/hobe-korvarongad-torud-sugis-annelitammik-com\/#breadcrumb"},"inLanguage":"en-US","potentialAction":[{"@type":"ReadAction","target":["https:\/\/annelitammik.com\/pood\/hobe-korvarongad-torud-sugis-annelitammik-com\/"]}]},{"@type":"ImageObject","inLanguage":"en-US","@id":"https:\/\/annelitammik.com\/pood\/hobe-korvarongad-torud-sugis-annelitammik-com\/#primaryimage","url":"https:\/\/annelitammik.com\/wp-content\/uploads\/2020\/10\/anneli_tammik_aastaajad_sugis_07.jpeg","contentUrl":"https:\/\/annelitammik.com\/wp-content\/uploads\/2020\/10\/anneli_tammik_aastaajad_sugis_07.jpeg","width":945,"height":630,"caption":"Tammet\u00f5ru k\u00f5rvar\u00f5ngad S\u00fcgis Anneli Tammik"},{"@type":"BreadcrumbList","@id":"https:\/\/annelitammik.com\/pood\/hobe-korvarongad-torud-sugis-annelitammik-com\/#breadcrumb","itemListElement":[{"@type":"ListItem","position":1,"name":"Home","item":"https:\/\/annelitammik.com\/"},{"@type":"ListItem","position":2,"name":"Shop","item":"https:\/\/annelitammik.com\/pood-anneli-tammik-jewellery\/"},{"@type":"ListItem","position":3,"name":"Acorn earrings &#8220;Autumn&#8221;"}]},{"@type":"WebSite","@id":"https:\/\/annelitammik.com\/#website","url":"https:\/\/annelitammik.com\/","name":"Anneli Tammik Jewellery","description":"Anneli Tammik Jewellery","publisher":{"@id":"https:\/\/annelitammik.com\/#\/schema\/person\/41d1e4307ec5bd061589fc0f8cc0147b"},"potentialAction":[{"@type":"SearchAction","target":{"@type":"EntryPoint","urlTemplate":"https:\/\/annelitammik.com\/?s={search_term_string}"},"query-input":{"@type":"PropertyValueSpecification","valueRequired":true,"valueName":"search_term_string"}}],"inLanguage":"en-US"},{"@type":["Person","Organization"],"@id":"https:\/\/annelitammik.com\/#\/schema\/person\/41d1e4307ec5bd061589fc0f8cc0147b","name":"Anneli Tammik","logo":{"@id":"https:\/\/annelitammik.com\/#\/schema\/person\/image\/"},"sameAs":["http:\/\/www.annelitammik.com"]}]}},"_links":{"self":[{"href":"https:\/\/annelitammik.com\/en\/wp-json\/wp\/v2\/product\/23472","targetHints":{"allow":["GET"]}}],"collection":[{"href":"https:\/\/annelitammik.com\/en\/wp-json\/wp\/v2\/product"}],"about":[{"href":"https:\/\/annelitammik.com\/en\/wp-json\/wp\/v2\/types\/product"}],"wp:featuredmedia":[{"embeddable":true,"href":"https:\/\/annelitammik.com\/en\/wp-json\/wp\/v2\/media\/20970"}],"wp:attachment":[{"href":"https:\/\/annelitammik.com\/en\/wp-json\/wp\/v2\/media?parent=23472"}],"wp:term":[{"taxonomy":"product_brand","embeddable":true,"href":"https:\/\/annelitammik.com\/en\/wp-json\/wp\/v2\/product_brand?post=23472"},{"taxonomy":"product_cat","embeddable":true,"href":"https:\/\/annelitammik.com\/en\/wp-json\/wp\/v2\/product_cat?post=23472"},{"taxonomy":"product_tag","embeddable":true,"href":"https:\/\/annelitammik.com\/en\/wp-json\/wp\/v2\/product_tag?post=23472"}],"curies":[{"name":"wp","href":"https:\/\/api.w.org\/{rel}","templated":true}]}}